{"id":235,"date":"2025-04-23T03:52:58","date_gmt":"2025-04-23T03:52:58","guid":{"rendered":"https:\/\/www.epidemick.com\/?page_id=235"},"modified":"2025-05-21T02:38:26","modified_gmt":"2025-05-21T02:38:26","slug":"mentions-legales","status":"publish","type":"page","link":"https:\/\/www.epidemick.com\/en\/mentions-legales\/","title":{"rendered":"Legal notices"},"content":{"rendered":"<div data-elementor-type=\"wp-page\" data-elementor-id=\"235\" class=\"elementor elementor-235\">\n\t\t\t\t<div class=\"elementor-element elementor-element-5028ebd e-flex e-con-boxed e-con e-parent\" data-id=\"5028ebd\" data-element_type=\"container\" data-e-type=\"container\">\n\t\t\t\t\t<div class=\"e-con-inner\">\n\t\t\t\t<div class=\"elementor-element elementor-element-e546697 elementor-widget elementor-widget-heading\" data-id=\"e546697\" data-element_type=\"widget\" data-e-type=\"widget\" data-widget_type=\"heading.default\">\n\t\t\t\t\t<h1 class=\"elementor-heading-title elementor-size-default\">Legal notices<\/h1>\t\t\t\t<\/div>\n\t\t\t\t\t<\/div>\n\t\t\t\t<\/div>\n\t\t<div class=\"elementor-element elementor-element-04b93f9 e-flex e-con-boxed e-con e-parent\" data-id=\"04b93f9\" data-element_type=\"container\" data-e-type=\"container\">\n\t\t\t\t\t<div class=\"e-con-inner\">\n\t\t\t\t<div class=\"elementor-element elementor-element-8c7e196 elementor-widget elementor-widget-text-editor\" data-id=\"8c7e196\" data-element_type=\"widget\" data-e-type=\"widget\" data-widget_type=\"text-editor.default\">\n\t\t\t\t\t\t\t\t\t<h2>1. Site Editor<\/h2><p>The site <a href=\"\/en\/\">www.epidemick.com<\/a> is published by AMCM SAS (Epidemick Gallery France), with share capital of 1000 euros.<\/p><p>Head office: 26, rue Gabriel P\u00e9ri, 92250 La Garenne-Colombes, France<br \/>RCS: 889 914 370 RCS Paris<br \/>Publication manager: Celine Dominoy<br \/>Contact : <a href=\"mailto:france@epidemick.com\">france@epidemick.com<\/a><\/p><p>The publisher undertakes to comply with all laws concerning the establishment and operation of a website.<\/p><h2>\u00a0<\/h2><h2>2. Hosting the site<\/h2><p>The site is hosted by:<\/p><p>Host name: Gandi SAS<br \/>Address: 63-65 boulevard Mass\u00e9na, 75013 Paris<br \/>Website: <a href=\"https:\/\/www.gandi.net\/\" target=\"_blank\" rel=\"noopener\">https:\/\/www.gandi.net\/<\/a><\/p><h2>\u00a0<\/h2><h2>3. Intellectual property<\/h2><p>The data published on <a href=\"\/en\/\">www.epidemick.com<\/a> are the exclusive property of their respective owners. Any total or partial reproduction of these texts, brands and\/or logos, made from the elements of the site without the express authorization of their owners is therefore prohibited, within the meaning of Article L. 713-2 of the Intellectual Property Code.<\/p><h2>\u00a0<\/h2><h2>4. Cookies<\/h2><p>This website uses cookies for audience measurement, navigation, and integrated services. For more information, please see our Cookie Policy.<\/p><h2>\u00a0<\/h2><h2>5. Contact<\/h2><p>For any questions or reports regarding this site, you can contact us at the following address: <a href=\"mailto:france@epidemick.com\">france@epidemick.com<\/a><\/p><p><!-- notionvc: fa22eea4-e4f6-4553-bd26-487f1f104145 --><\/p>\t\t\t\t\t\t\t\t<\/div>\n\t\t\t\t\t<\/div>\n\t\t\t\t<\/div>\n\t\t\t\t<\/div>","protected":false},"excerpt":{"rendered":"<p>Mentions l\u00e9gales 1. \u00c9diteur du site Le site www.epidemick.com est \u00e9dit\u00e9 par AMCM SAS (Epidemick Gallery France), au capital social de 1000 euros. Si\u00e8ge social: 26, rue Gabriel P\u00e9ri, 92250 La Garenne-Colombes, FranceRCS : 889 914 370 R.C.S. ParisResponsable de la publication : Celine DominoyContact : france@epidemick.com L\u2019\u00e9diteur s\u2019engage \u00e0 respecter l\u2019ensemble des lois concernant [&hellip;]<\/p>\n","protected":false},"author":1,"featured_media":0,"parent":0,"menu_order":0,"comment_status":"closed","ping_status":"closed","template":"elementor_canvas","meta":{"footnotes":""},"class_list":["post-235","page","type-page","status-publish","hentry"],"_links":{"self":[{"href":"https:\/\/www.epidemick.com\/en\/wp-json\/wp\/v2\/pages\/235","targetHints":{"allow":["GET"]}}],"collection":[{"href":"https:\/\/www.epidemick.com\/en\/wp-json\/wp\/v2\/pages"}],"about":[{"href":"https:\/\/www.epidemick.com\/en\/wp-json\/wp\/v2\/types\/page"}],"author":[{"embeddable":true,"href":"https:\/\/www.epidemick.com\/en\/wp-json\/wp\/v2\/users\/1"}],"replies":[{"embeddable":true,"href":"https:\/\/www.epidemick.com\/en\/wp-json\/wp\/v2\/comments?post=235"}],"version-history":[{"count":26,"href":"https:\/\/www.epidemick.com\/en\/wp-json\/wp\/v2\/pages\/235\/revisions"}],"predecessor-version":[{"id":501,"href":"https:\/\/www.epidemick.com\/en\/wp-json\/wp\/v2\/pages\/235\/revisions\/501"}],"wp:attachment":[{"href":"https:\/\/www.epidemick.com\/en\/wp-json\/wp\/v2\/media?parent=235"}],"curies":[{"name":"wp","href":"https:\/\/api.w.org\/{rel}","templated":true}]}}